{"id":1209,"date":"2024-12-04T20:50:11","date_gmt":"2024-12-04T15:20:11","guid":{"rendered":"https:\/\/www.softchemicals.com\/?post_type=product&#038;p=1209"},"modified":"2024-12-04T20:50:11","modified_gmt":"2024-12-04T15:20:11","slug":"ammorbidente-ni-40","status":"publish","type":"product","link":"https:\/\/www.softchemicals.com\/it\/product\/softener-ni-40\/","title":{"rendered":"AMMORTIZZATORE NI-40"},"content":{"rendered":"<p>SOFTENER NI-40 conferisce agli articoli trattati una mano morbida e liscia.<\/p>\n<p>\u00c8 indicato per migliorare la cucibilit\u00e0 e diminuire la perdita di resistenza all'abrasione e alla lacerazione degli articoli cellulosici e di quelli misti con fibre sintetiche. \u00c8 quindi particolarmente indicato per i trattamenti di finissaggio easy-care di articoli in cotone, viscosa, lino e relative mischie con fibre sintetiche.<\/p>\n<p>Il prodotto non ingiallisce anche ad alte temperature di asciugatura e stiratura e non trattiene il cloro.<\/p>\n<p>Grazie all'elevata dispersione delle sue particelle, \u00e8 in grado di penetrare in profondit\u00e0 anche negli oggetti pi\u00f9 stretti.<\/p>","protected":false},"excerpt":{"rendered":"<p>SOFTENER NI-40 gives the treated articles a soft and smooth hand. It is indicated to improve the sewability and to decrease the loss of resistance to abrasion and tearing of cellulosic articles and those mixed with synthetic fibers. It is therefore particularly recommended for easy-care finishing treatments of articles in cotton, viscose, linen and related [&hellip;]<\/p>\n","protected":false},"featured_media":0,"template":"","product-cat":[58],"class_list":["post-1209","product","type-product","status-publish","hentry","product-cat-waxes-and-paraffines"],"acpt":{"meta":[{"meta_box":"product-info","meta_fields":[{"name":"available","type":"Toggle","options":[],"value":"1","default":"1","required":false,"showInAdmin":false,"advancedOptions":[]},{"name":"short-description","type":"Editor","options":[],"value":"Emulsion of polyethylene waxes and paraffin indicated to improve sewability and to decrease the loss of resistance to abrasion and tearing. No yellowing.","default":"","required":false,"showInAdmin":false,"advancedOptions":[]},{"name":"ionic-charge","type":"Text","options":[],"value":"Non Ionic","default":"","required":false,"showInAdmin":false,"advancedOptions":{"1":{"id":"c78ba124-ce06-4d05-b5cf-e22156e9f000","boxId":"e972d25b-1ec5-4a14-bbd4-abe0b511db8a","fieldId":"d5f3da1d-da73-4f9f-b72c-447ef820ca84","key":"headline","value":"top"},"2":{"id":"5c942646-4de9-41b4-8352-a29db44ff82c","boxId":"e972d25b-1ec5-4a14-bbd4-abe0b511db8a","fieldId":"d5f3da1d-da73-4f9f-b72c-447ef820ca84","key":"width","value":""},"6":{"id":"80ebcde3-5bc3-444c-a636-50d9d5697a39","boxId":"e972d25b-1ec5-4a14-bbd4-abe0b511db8a","fieldId":"d5f3da1d-da73-4f9f-b72c-447ef820ca84","key":"before","value":""},"7":{"id":"6dfe625f-a9d9-4b8c-9cef-a991e79906ce","boxId":"e972d25b-1ec5-4a14-bbd4-abe0b511db8a","fieldId":"d5f3da1d-da73-4f9f-b72c-447ef820ca84","key":"after","value":""},"8":{"id":"152e8695-8560-437b-acec-dad803062a7a","boxId":"e972d25b-1ec5-4a14-bbd4-abe0b511db8a","fieldId":"d5f3da1d-da73-4f9f-b72c-447ef820ca84","key":"min","value":""},"9":{"id":"e6561113-e376-440b-861a-74360310b04b","boxId":"e972d25b-1ec5-4a14-bbd4-abe0b511db8a","fieldId":"d5f3da1d-da73-4f9f-b72c-447ef820ca84","key":"max","value":""},"10":{"id":"ba5aa164-ec58-4ca1-a0e2-70f53acb981b","boxId":"e972d25b-1ec5-4a14-bbd4-abe0b511db8a","fieldId":"d5f3da1d-da73-4f9f-b72c-447ef820ca84","key":"step","value":""},"11":{"id":"496bae8b-c9ee-48ea-8e72-590a019f72be","boxId":"e972d25b-1ec5-4a14-bbd4-abe0b511db8a","fieldId":"d5f3da1d-da73-4f9f-b72c-447ef820ca84","key":"pattern","value":""},"18":{"id":"3a29ae28-9772-44bd-8dce-8d600523cc51","boxId":"e972d25b-1ec5-4a14-bbd4-abe0b511db8a","fieldId":"d5f3da1d-da73-4f9f-b72c-447ef820ca84","key":"css","value":""},"29":{"id":"157fc252-703b-4870-908f-4a6defd9dc41","boxId":"e972d25b-1ec5-4a14-bbd4-abe0b511db8a","fieldId":"d5f3da1d-da73-4f9f-b72c-447ef820ca84","key":"vertical_alignment","value":"center"}}},{"name":"certifications","type":"SelectMulti","options":[{"label":"GOTS","value":"GOTS"},{"label":"ZDHC","value":"ZDHC"},{"label":"ECOPASSPORT","value":"ECOPASSPORT"}],"value":null,"default":"","required":false,"showInAdmin":false,"advancedOptions":{"1":{"id":"913d5339-fabc-48f2-943a-8f71c82bd46a","boxId":"e972d25b-1ec5-4a14-bbd4-abe0b511db8a","fieldId":"ac1c5968-4fed-4a61-a467-252fa5606935","key":"headline","value":"top"},"2":{"id":"e272139b-2c8f-4c51-b282-ff380137749c","boxId":"e972d25b-1ec5-4a14-bbd4-abe0b511db8a","fieldId":"ac1c5968-4fed-4a61-a467-252fa5606935","key":"width","value":""},"6":{"id":"d291ba6a-08c1-443b-ba42-0848596b0251","boxId":"e972d25b-1ec5-4a14-bbd4-abe0b511db8a","fieldId":"ac1c5968-4fed-4a61-a467-252fa5606935","key":"before","value":""},"7":{"id":"cefa87d4-7c1d-4a27-bc49-d82e7e8e2bc5","boxId":"e972d25b-1ec5-4a14-bbd4-abe0b511db8a","fieldId":"ac1c5968-4fed-4a61-a467-252fa5606935","key":"after","value":""},"18":{"id":"3b380ec0-e355-402f-b8b3-0c7fad345533","boxId":"e972d25b-1ec5-4a14-bbd4-abe0b511db8a","fieldId":"ac1c5968-4fed-4a61-a467-252fa5606935","key":"css","value":""},"29":{"id":"6d1e23cf-9cb8-4563-ab47-0af07f47edaf","boxId":"e972d25b-1ec5-4a14-bbd4-abe0b511db8a","fieldId":"ac1c5968-4fed-4a61-a467-252fa5606935","key":"vertical_alignment","value":"center"}}},{"name":"previous-url","type":"Url","options":[],"value":"https:\/\/www.softchems.com\/en\/product.html?prd=179","default":"","required":false,"showInAdmin":false,"advancedOptions":{"1":{"id":"7a39aadc-bc30-4095-874f-6e9ea3c66cae","boxId":"e972d25b-1ec5-4a14-bbd4-abe0b511db8a","fieldId":"7abda80f-e4e0-45dd-b307-435347c9ed52","key":"headline","value":"top"},"2":{"id":"3ba2ee4e-0166-49b0-8514-9e90f2788490","boxId":"e972d25b-1ec5-4a14-bbd4-abe0b511db8a","fieldId":"7abda80f-e4e0-45dd-b307-435347c9ed52","key":"width","value":""},"5":{"id":"9d2ddf50-be7f-4766-831b-1bf568be3c13","boxId":"e972d25b-1ec5-4a14-bbd4-abe0b511db8a","fieldId":"7abda80f-e4e0-45dd-b307-435347c9ed52","key":"hide_url_label","value":"1"},"6":{"id":"8c6a9aff-1c8f-4e0a-a0a3-bf9c8cacc458","boxId":"e972d25b-1ec5-4a14-bbd4-abe0b511db8a","fieldId":"7abda80f-e4e0-45dd-b307-435347c9ed52","key":"before","value":""},"7":{"id":"54df1f04-c4d6-4046-ac38-6fba5692c0be","boxId":"e972d25b-1ec5-4a14-bbd4-abe0b511db8a","fieldId":"7abda80f-e4e0-45dd-b307-435347c9ed52","key":"after","value":""},"8":{"id":"a974a43b-69c1-48f0-b608-c2a2eb69267c","boxId":"e972d25b-1ec5-4a14-bbd4-abe0b511db8a","fieldId":"7abda80f-e4e0-45dd-b307-435347c9ed52","key":"min","value":""},"9":{"id":"a0fc93f4-086f-4f70-9d29-b78b593f8221","boxId":"e972d25b-1ec5-4a14-bbd4-abe0b511db8a","fieldId":"7abda80f-e4e0-45dd-b307-435347c9ed52","key":"max","value":""},"10":{"id":"23ec11fc-e5aa-46b7-b02c-9a893f506b68","boxId":"e972d25b-1ec5-4a14-bbd4-abe0b511db8a","fieldId":"7abda80f-e4e0-45dd-b307-435347c9ed52","key":"step","value":""},"11":{"id":"dbab818d-9735-4a91-975d-b900bf5656d9","boxId":"e972d25b-1ec5-4a14-bbd4-abe0b511db8a","fieldId":"7abda80f-e4e0-45dd-b307-435347c9ed52","key":"pattern","value":""},"18":{"id":"7ecd3df1-4911-4750-a766-87548f3efb6d","boxId":"e972d25b-1ec5-4a14-bbd4-abe0b511db8a","fieldId":"7abda80f-e4e0-45dd-b307-435347c9ed52","key":"css","value":""},"29":{"id":"99aeb2f4-0920-4be9-a0dd-47db75fc6f18","boxId":"e972d25b-1ec5-4a14-bbd4-abe0b511db8a","fieldId":"7abda80f-e4e0-45dd-b307-435347c9ed52","key":"vertical_alignment","value":"center"}}},{"name":"physical-form","type":"Select","options":[{"label":"Liquid","value":"Liquid"},{"label":"Powder","value":"Powder"},{"label":"Viscous Paste","value":"Viscous Paste"},{"label":"Granular","value":"Granular"}],"value":null,"default":"","required":false,"showInAdmin":false,"advancedOptions":[]}]},{"meta_box":"media-assets","meta_fields":[{"name":"pdf-in-english","type":"File","options":[],"value":null,"default":"","required":false,"showInAdmin":false,"advancedOptions":[]},{"name":"pdf-in-italy","type":"File","options":[],"value":null,"default":"","required":false,"showInAdmin":false,"advancedOptions":[]}]}]},"acf":[],"_links":{"self":[{"href":"https:\/\/www.softchemicals.com\/it\/wp-json\/wp\/v2\/product\/1209","targetHints":{"allow":["GET"]}}],"collection":[{"href":"https:\/\/www.softchemicals.com\/it\/wp-json\/wp\/v2\/product"}],"about":[{"href":"https:\/\/www.softchemicals.com\/it\/wp-json\/wp\/v2\/types\/product"}],"wp:attachment":[{"href":"https:\/\/www.softchemicals.com\/it\/wp-json\/wp\/v2\/media?parent=1209"}],"wp:term":[{"taxonomy":"product-cat","embeddable":true,"href":"https:\/\/www.softchemicals.com\/it\/wp-json\/wp\/v2\/product-cat?post=1209"}],"curies":[{"name":"wp","href":"https:\/\/api.w.org\/{rel}","templated":true}]}}